{"id":1026,"date":"2021-06-23T21:14:53","date_gmt":"2021-06-23T21:14:53","guid":{"rendered":"https:\/\/cesargalarza.com\/?page_id=1026"},"modified":"2022-10-01T11:52:39","modified_gmt":"2022-10-01T11:52:39","slug":"estudios","status":"publish","type":"page","link":"https:\/\/cesargalarza.com\/en\/estudios\/","title":{"rendered":"Studies"},"content":{"rendered":"<div data-elementor-type=\"wp-page\" data-elementor-id=\"1026\" class=\"elementor elementor-1026\">\n\t\t\t\t\t\t<section class=\"elementor-section elementor-top-section elementor-element elementor-element-58b42ae7 elementor-section-content-middle elementor-section-boxed elementor-section-height-default elementor-section-height-default\" data-id=\"58b42ae7\" data-element_type=\"section\" data-e-type=\"section\" data-settings=\"{&quot;background_background&quot;:&quot;classic&quot;}\">\n\t\t\t\t\t\t\t<div class=\"elementor-background-overlay\"><\/div>\n\t\t\t\t\t\t\t<div class=\"elementor-container elementor-column-gap-no\">\n\t\t\t\t\t<div class=\"elementor-column elementor-col-100 elementor-top-column elementor-element elementor-element-77ab42e\" data-id=\"77ab42e\" data-element_type=\"column\" data-e-type=\"column\">\n\t\t\t<div class=\"elementor-widget-wrap elementor-element-populated\">\n\t\t\t\t\t\t<div class=\"elementor-element elementor-element-441f9e5f elementor-widget elementor-widget-heading\" data-id=\"441f9e5f\" data-element_type=\"widget\" data-e-type=\"widget\" data-widget_type=\"heading.default\">\n\t\t\t\t<div class=\"elementor-widget-container\">\n\t\t\t\t\t<h1 class=\"elementor-heading-title elementor-size-default\">My studies<\/h1>\t\t\t\t<\/div>\n\t\t\t\t<\/div>\n\t\t\t\t\t<\/div>\n\t\t<\/div>\n\t\t\t\t\t<\/div>\n\t\t<\/section>\n\t\t\t\t<section class=\"elementor-section elementor-top-section elementor-element elementor-element-14798b44 elementor-section-boxed elementor-section-height-default elementor-section-height-default\" data-id=\"14798b44\" data-element_type=\"section\" data-e-type=\"section\" data-settings=\"{&quot;background_background&quot;:&quot;classic&quot;}\">\n\t\t\t\t\t\t<div class=\"elementor-container elementor-column-gap-no\">\n\t\t\t\t\t<div class=\"elementor-column elementor-col-100 elementor-top-column elementor-element elementor-element-69d327af\" data-id=\"69d327af\" data-element_type=\"column\" data-e-type=\"column\">\n\t\t\t<div class=\"elementor-widget-wrap elementor-element-populated\">\n\t\t\t\t\t\t<section class=\"elementor-section elementor-inner-section elementor-element elementor-element-2806778b elementor-section-boxed elementor-section-height-default elementor-section-height-default\" data-id=\"2806778b\" data-element_type=\"section\" data-e-type=\"section\">\n\t\t\t\t\t\t<div class=\"elementor-container elementor-column-gap-no\">\n\t\t\t\t\t<div class=\"elementor-column elementor-col-33 elementor-inner-column elementor-element elementor-element-326f9cfb\" data-id=\"326f9cfb\" data-element_type=\"column\" data-e-type=\"column\">\n\t\t\t<div class=\"elementor-widget-wrap elementor-element-populated\">\n\t\t\t\t\t\t<div class=\"elementor-element elementor-element-2d4a807c elementor-widget elementor-widget-heading\" data-id=\"2d4a807c\" data-element_type=\"widget\" data-e-type=\"widget\" data-widget_type=\"heading.default\">\n\t\t\t\t<div class=\"elementor-widget-container\">\n\t\t\t\t\t<h3 class=\"elementor-heading-title elementor-size-default\">Studies<\/h3>\t\t\t\t<\/div>\n\t\t\t\t<\/div>\n\t\t\t\t<div class=\"elementor-element elementor-element-633fb90f elementor-widget elementor-widget-heading\" data-id=\"633fb90f\" data-element_type=\"widget\" data-e-type=\"widget\" data-widget_type=\"heading.default\">\n\t\t\t\t<div class=\"elementor-widget-container\">\n\t\t\t\t\t<h5 class=\"elementor-heading-title elementor-size-default\">Follow me <\/h5>\t\t\t\t<\/div>\n\t\t\t\t<\/div>\n\t\t\t\t<div class=\"elementor-element elementor-element-6a585288 e-grid-align-left elementor-shape-rounded elementor-grid-0 elementor-widget elementor-widget-social-icons\" data-id=\"6a585288\" data-element_type=\"widget\" data-e-type=\"widget\" data-widget_type=\"social-icons.default\">\n\t\t\t\t<div class=\"elementor-widget-container\">\n\t\t\t\t\t\t\t<div class=\"elementor-social-icons-wrapper elementor-grid\" role=\"list\">\n\t\t\t\t\t\t\t<span class=\"elementor-grid-item\" role=\"listitem\">\n\t\t\t\t\t<a class=\"elementor-icon elementor-social-icon elementor-social-icon-facebook elementor-repeater-item-a1fbf10\" href=\"https:\/\/www.facebook.com\/pages\/category\/Product-Service\/CJG-Consultor-en-Sostenibildad-1344866735654842\/\" target=\"_blank\">\n\t\t\t\t\t\t<span class=\"elementor-screen-only\">Facebook<\/span>\n\t\t\t\t\t\t<i aria-hidden=\"true\" class=\"fab fa-facebook\"><\/i>\t\t\t\t\t<\/a>\n\t\t\t\t<\/span>\n\t\t\t\t\t\t\t<span class=\"elementor-grid-item\" role=\"listitem\">\n\t\t\t\t\t<a class=\"elementor-icon elementor-social-icon elementor-social-icon-twitter elementor-repeater-item-e1d52dc\" href=\"https:\/\/twitter.com\/@CeJo_Ga\" target=\"_blank\">\n\t\t\t\t\t\t<span class=\"elementor-screen-only\">Twitter<\/span>\n\t\t\t\t\t\t<i aria-hidden=\"true\" class=\"fab fa-twitter\"><\/i>\t\t\t\t\t<\/a>\n\t\t\t\t<\/span>\n\t\t\t\t\t\t\t<span class=\"elementor-grid-item\" role=\"listitem\">\n\t\t\t\t\t<a class=\"elementor-icon elementor-social-icon elementor-social-icon-instagram elementor-repeater-item-77f9911\" href=\"https:\/\/www.instagram.com\/cjg_consultor_ambiental\/\" target=\"_blank\">\n\t\t\t\t\t\t<span class=\"elementor-screen-only\">Instagram<\/span>\n\t\t\t\t\t\t<i aria-hidden=\"true\" class=\"fab fa-instagram\"><\/i>\t\t\t\t\t<\/a>\n\t\t\t\t<\/span>\n\t\t\t\t\t\t\t<span class=\"elementor-grid-item\" role=\"listitem\">\n\t\t\t\t\t<a class=\"elementor-icon elementor-social-icon elementor-social-icon-linkedin elementor-repeater-item-02f6abf\" href=\"https:\/\/ar.linkedin.com\/in\/cjgalarza\" target=\"_blank\">\n\t\t\t\t\t\t<span class=\"elementor-screen-only\">Linkedin<\/span>\n\t\t\t\t\t\t<i aria-hidden=\"true\" class=\"fab fa-linkedin\"><\/i>\t\t\t\t\t<\/a>\n\t\t\t\t<\/span>\n\t\t\t\t\t<\/div>\n\t\t\t\t\t\t<\/div>\n\t\t\t\t<\/div>\n\t\t\t\t<div class=\"elementor-element elementor-element-10ee192e elementor-widget elementor-widget-heading\" data-id=\"10ee192e\" data-element_type=\"widget\" data-e-type=\"widget\" data-widget_type=\"heading.default\">\n\t\t\t\t<div class=\"elementor-widget-container\">\n\t\t\t\t\t<h5 class=\"elementor-heading-title elementor-size-default\">View my cv <\/h5>\t\t\t\t<\/div>\n\t\t\t\t<\/div>\n\t\t\t\t<div class=\"elementor-element elementor-element-2f33b158 elementor-widget elementor-widget-button\" data-id=\"2f33b158\" data-element_type=\"widget\" data-e-type=\"widget\" data-widget_type=\"button.default\">\n\t\t\t\t<div class=\"elementor-widget-container\">\n\t\t\t\t\t\t\t\t\t<div class=\"elementor-button-wrapper\">\n\t\t\t\t\t<a class=\"elementor-button elementor-button-link elementor-size-sm\" href=\"https:\/\/cesargalarza.com\/wp-content\/uploads\/2022\/08\/CV_Cesar-Galarza_completo_Esp_08_2022.pdf\" target=\"_blank\">\n\t\t\t\t\t\t<span class=\"elementor-button-content-wrapper\">\n\t\t\t\t\t\t\t\t\t<span class=\"elementor-button-text\">CV - ESP<\/span>\n\t\t\t\t\t<\/span>\n\t\t\t\t\t<\/a>\n\t\t\t\t<\/div>\n\t\t\t\t\t\t\t\t<\/div>\n\t\t\t\t<\/div>\n\t\t\t\t<div class=\"elementor-element elementor-element-7fc673ef elementor-widget elementor-widget-button\" data-id=\"7fc673ef\" data-element_type=\"widget\" data-e-type=\"widget\" data-widget_type=\"button.default\">\n\t\t\t\t<div class=\"elementor-widget-container\">\n\t\t\t\t\t\t\t\t\t<div class=\"elementor-button-wrapper\">\n\t\t\t\t\t<a class=\"elementor-button elementor-button-link elementor-size-sm\" href=\"https:\/\/cesargalarza.com\/wp-content\/uploads\/2022\/08\/Cesar-Galarza-CV_completed_En_August_2022.pdf\" target=\"_blank\">\n\t\t\t\t\t\t<span class=\"elementor-button-content-wrapper\">\n\t\t\t\t\t\t\t\t\t<span class=\"elementor-button-text\">CV - ENG<\/span>\n\t\t\t\t\t<\/span>\n\t\t\t\t\t<\/a>\n\t\t\t\t<\/div>\n\t\t\t\t\t\t\t\t<\/div>\n\t\t\t\t<\/div>\n\t\t\t\t\t<\/div>\n\t\t<\/div>\n\t\t\t\t<div class=\"elementor-column elementor-col-66 elementor-inner-column elementor-element elementor-element-23a91f3\" data-id=\"23a91f3\" data-element_type=\"column\" data-e-type=\"column\">\n\t\t\t<div class=\"elementor-widget-wrap elementor-element-populated\">\n\t\t\t\t\t\t<div class=\"elementor-element elementor-element-2a60dde6 elementor-widget elementor-widget-heading\" data-id=\"2a60dde6\" data-element_type=\"widget\" data-e-type=\"widget\" data-widget_type=\"heading.default\">\n\t\t\t\t<div class=\"elementor-widget-container\">\n\t\t\t\t\t<h3 class=\"elementor-heading-title elementor-size-default\">Academic degrees<\/h3>\t\t\t\t<\/div>\n\t\t\t\t<\/div>\n\t\t\t\t<div class=\"elementor-element elementor-element-207bd249 elementor-widget elementor-widget-text-editor\" data-id=\"207bd249\" data-element_type=\"widget\" data-e-type=\"widget\" data-widget_type=\"text-editor.default\">\n\t\t\t\t<div class=\"elementor-widget-container\">\n\t\t\t\t\t\t\t\t\t<ul><li><strong>PhD (extraordinary doctorate award. Thesis: \"The taxation of unlawful acts\").<\/strong>University of Santiago de Compostela, Galicia, Spain, 2003.<\/li><li><strong>Master in Design, Management and Project Management. <\/strong>Universidad Internacional Iberoamericana - Universidad Europea del Atl\u00e1ntico. Buenos Aires, Argentina, 2018<\/li><li><strong>Diploma in Advanced Studies (DEA) (Research Proficiency). <\/strong>University of Santiago de Compostela, Galicia, Spain, 2001.<\/li><li><strong>Environmental consultancy specialist. <\/strong>Universidad Europea <span style=\"font-size: 16px;\">Miguel de Cervantes. Barcelona, Spain \u2013 Buenos Aires,  Argentina, 2013.<\/span><\/li><li><strong>Tax Law Specialist. <\/strong>National University of Litoral. Santa Fe, Argentina, 1996.<\/li><li><strong>Bacherlor in law <\/strong>National University of the Northeast. City of Corrientes, Argentina, 1993.<\/li><li><strong>Diploma (Expert) in climate change legal issues. <\/strong>International Development Law Organization. Rome, Italy, 2011.<\/li><li><strong>Environmental Law Technician. <\/strong>European School of Management and Business. Madrid, Spain, 2011<\/li><\/ul>\t\t\t\t\t\t\t\t<\/div>\n\t\t\t\t<\/div>\n\t\t\t\t<div class=\"elementor-element elementor-element-21181775 elementor-widget elementor-widget-heading\" data-id=\"21181775\" data-element_type=\"widget\" data-e-type=\"widget\" data-widget_type=\"heading.default\">\n\t\t\t\t<div class=\"elementor-widget-container\">\n\t\t\t\t\t<h3 class=\"elementor-heading-title elementor-size-default\">Training courses<\/h3>\t\t\t\t<\/div>\n\t\t\t\t<\/div>\n\t\t\t\t<div class=\"elementor-element elementor-element-68bcb57e elementor-widget elementor-widget-text-editor\" data-id=\"68bcb57e\" data-element_type=\"widget\" data-e-type=\"widget\" data-widget_type=\"text-editor.default\">\n\t\t\t\t<div class=\"elementor-widget-container\">\n\t\t\t\t\t\t\t\t\t<ul class=\"list-icons\"><li><strong>&#8220;Certificado verificado en Gesti\u00f3n de Proyectos para el Desarrollo (PM4R)&#8221;,<\/strong> BID, 2022.<\/li><li><strong>\u201cCertificado Verificado en Gesti\u00f3n de riesgos en proyectos de desarrollo\u201d,<\/strong> IDB, 2021.<\/li><li><strong>\"Protection from sexual abuse and exploitation\"<\/strong>UN-FAO, 2021.<\/li><li><strong>\"FAO course on whistleblower protection policy\".<\/strong>UN-FAO, 2021.<\/li><li><strong>\"UN Course on Harmonious Teamwork<\/strong>\u201d. UN -FAO, 2021.<\/li><li><strong>\"Achieving gender equality in FAO's work\".<\/strong>. UN-FAO, 2021.<\/li><li><strong>\"Preventing fraud and other corrupt practices\".<\/strong>. UN-FAO, 2021.<\/li><li><strong>\"Prevention of harassment, sexual harassment and abuse of authority\".<\/strong>. UN-FAO, 2021.<\/li><li><b>\"Circular economy and the 2030 agenda<strong>\u201d, <\/strong><\/b>United Nations System Staff College,\u00a0 2020.<\/li><li><strong>\u201cCertificado Verificado: Una mirada a la gesti\u00f3n de riesgos <\/strong><strong>environmental and social issues in IDB projects\"<\/strong><b><strong>, <\/strong><\/b>IDB, 2020.<\/li><li><strong>\"Sustainable finance<\/strong>. UN: Climate Change Learning Partnership (UN CC: Learn), 2019.<\/li><li><strong>\"Leadership and teamwork training\".<\/strong>. Government of Corrientes (Coach Marcelo Arecco). City of Corrientes, 2017.<\/li><li><strong>\"Basic Security in the Field (BSAFE)\".<\/strong>. United Nations. Department of Safety and Security. Remote, 2017.<\/li><li><strong>\"Advanced security in the field\".<\/strong>. United Nations. Department of Safety and Security. Remote, 2017.<\/li><li><strong>\"Training workshop for climate action\".<\/strong>. City Climate Planer. Certificate Program - World Bank - Curb Tool. City of Buenos Aires, Argentina 2017.<\/li><li><strong>\"Statistics and indicators of regional development\".<\/strong>. Ilpes-ECLAC. Buenos Aires, Argentina, 2014.<\/li><li><strong>\"Environmental project management and preparation of bids for tenders\".<\/strong>. Instituto Superior de Medio Ambiente. Madrid, Spain, 2014.<\/li><li><strong>\"Project preparation and fundraising in international cooperation\".<\/strong>. Argentine Network for International Cooperation (RACI). Posadas, Argentina, 2013.<\/li><li><strong>\"Climate change scenario facilitation training programme\".<\/strong> (scholarship for international selection). Mitigation and Actions Plans &amp; Scenarios (MAPS) and LEDS Global Partnership. Santiago de Chile, 2013.<\/li><li><strong>\"Projects coordination\"<\/strong>. TEA CEGOS. Madrid, Spain, 2012.<br \/>\"Voluntary carbon market for companies and entities\". ECODES. Madrid, Spain, 2012.<\/li><li><strong>\"Legal and Tax Regime of Renewable Energies\".<\/strong>University of Alcal\u00e1. Alcal\u00e1 de Henares, Spain, 2012.<\/li><li><strong>\"European Climate Change Innovation Training Programme: Climate KIC: Pioneers into practice program (Participant of the programme -by selection- with the project \"Low Carbon Cities. Fulfilling the Covenant of Mayors\")\".<\/strong>. European Union Knowledge Community, Climate KIC. European Union: various locations, 2010 - 2011.<\/li><\/ul>\t\t\t\t\t\t\t\t<\/div>\n\t\t\t\t<\/div>\n\t\t\t\t<div class=\"elementor-element elementor-element-6b31db7b elementor-widget elementor-widget-spacer\" data-id=\"6b31db7b\" data-element_type=\"widget\" data-e-type=\"widget\" data-widget_type=\"spacer.default\">\n\t\t\t\t<div class=\"elementor-widget-container\">\n\t\t\t\t\t\t\t<div class=\"elementor-spacer\">\n\t\t\t<div class=\"elementor-spacer-inner\"><\/div>\n\t\t<\/div>\n\t\t\t\t\t\t<\/div>\n\t\t\t\t<\/div>\n\t\t\t\t\t<\/div>\n\t\t<\/div>\n\t\t\t\t\t<\/div>\n\t\t<\/section>\n\t\t\t\t\t<\/div>\n\t\t<\/div>\n\t\t\t\t\t<\/div>\n\t\t<\/section>\n\t\t\t\t<section class=\"elementor-section elementor-top-section elementor-element elementor-element-15e0ec55 elementor-section-boxed elementor-section-height-default elementor-section-height-default\" data-id=\"15e0ec55\" data-element_type=\"section\" data-e-type=\"section\">\n\t\t\t\t\t\t<div class=\"elementor-container elementor-column-gap-default\">\n\t\t\t\t\t<div class=\"elementor-column elementor-col-100 elementor-top-column elementor-element elementor-element-190e5517\" data-id=\"190e5517\" data-element_type=\"column\" data-e-type=\"column\">\n\t\t\t<div class=\"elementor-widget-wrap\">\n\t\t\t\t\t\t\t<\/div>\n\t\t<\/div>\n\t\t\t\t\t<\/div>\n\t\t<\/section>\n\t\t\t\t<\/div>","protected":false},"excerpt":{"rendered":"<p>Mis Estudios Estudios S\u00edgueme Facebook Twitter Instagram Linkedin Consulta mi CV CV &#8211; ESP CV &#8211; ENG Titulaciones Doctor en Derecho (premio extraordinario de doctorado. Tesis: &#8220;La tributaci\u00f3n de los actos il\u00edcitos&#8221;). Universidad de Santiago de Compostela, Galicia, Espa\u00f1a, 2003. Magister en Dise\u00f1o, Gesti\u00f3n y Direcci\u00f3n de Proyectos. Universidad Internacional Iberoamericana &#8211; Universidad Europea del [&hellip;]<\/p>\n","protected":false},"author":2,"featured_media":0,"parent":0,"menu_order":0,"comment_status":"closed","ping_status":"closed","template":"","meta":{"site-sidebar-layout":"no-sidebar","site-content-layout":"page-builder","ast-site-content-layout":"default","site-content-style":"default","site-sidebar-style":"default","ast-global-header-display":"","ast-banner-title-visibility":"","ast-main-header-display":"","ast-hfb-above-header-display":"","ast-hfb-below-header-display":"","ast-hfb-mobile-header-display":"","site-post-title":"disabled","ast-breadcrumbs-content":"","ast-featured-img":"disabled","footer-sml-layout":"","ast-disable-related-posts":"","theme-transparent-header-meta":"default","adv-header-id-meta":"","stick-header-meta":"default","header-above-stick-meta":"","header-main-stick-meta":"","header-below-stick-meta":"","astra-migrate-meta-layouts":"default","ast-page-background-enabled":"default","ast-page-background-meta":{"desktop":{"background-color":"","background-image":"","background-repeat":"repeat","background-position":"center center","background-size":"auto","background-attachment":"scroll","background-type":"","background-media":"","overlay-type":"","overlay-color":"","overlay-opacity":"","overlay-gradient":""},"tablet":{"background-color":"","background-image":"","background-repeat":"repeat","background-position":"center center","background-size":"auto","background-attachment":"scroll","background-type":"","background-media":"","overlay-type":"","overlay-color":"","overlay-opacity":"","overlay-gradient":""},"mobile":{"background-color":"","background-image":"","background-repeat":"repeat","background-position":"center center","background-size":"auto","background-attachment":"scroll","background-type":"","background-media":"","overlay-type":"","overlay-color":"","overlay-opacity":"","overlay-gradient":""}},"ast-content-background-meta":{"desktop":{"background-color":"var(--ast-global-color-5)","background-image":"","background-repeat":"repeat","background-position":"center center","background-size":"auto","background-attachment":"scroll","background-type":"","background-media":"","overlay-type":"","overlay-color":"","overlay-opacity":"","overlay-gradient":""},"tablet":{"background-color":"var(--ast-global-color-5)","background-image":"","background-repeat":"repeat","background-position":"center center","background-size":"auto","background-attachment":"scroll","background-type":"","background-media":"","overlay-type":"","overlay-color":"","overlay-opacity":"","overlay-gradient":""},"mobile":{"background-color":"var(--ast-global-color-5)","background-image":"","background-repeat":"repeat","background-position":"center center","background-size":"auto","background-attachment":"scroll","background-type":"","background-media":"","overlay-type":"","overlay-color":"","overlay-opacity":"","overlay-gradient":""}},"footnotes":""},"class_list":["post-1026","page","type-page","status-publish","hentry"],"_links":{"self":[{"href":"https:\/\/cesargalarza.com\/en\/wp-json\/wp\/v2\/pages\/1026","targetHints":{"allow":["GET"]}}],"collection":[{"href":"https:\/\/cesargalarza.com\/en\/wp-json\/wp\/v2\/pages"}],"about":[{"href":"https:\/\/cesargalarza.com\/en\/wp-json\/wp\/v2\/types\/page"}],"author":[{"embeddable":true,"href":"https:\/\/cesargalarza.com\/en\/wp-json\/wp\/v2\/users\/2"}],"replies":[{"embeddable":true,"href":"https:\/\/cesargalarza.com\/en\/wp-json\/wp\/v2\/comments?post=1026"}],"version-history":[{"count":71,"href":"https:\/\/cesargalarza.com\/en\/wp-json\/wp\/v2\/pages\/1026\/revisions"}],"predecessor-version":[{"id":6650,"href":"https:\/\/cesargalarza.com\/en\/wp-json\/wp\/v2\/pages\/1026\/revisions\/6650"}],"wp:attachment":[{"href":"https:\/\/cesargalarza.com\/en\/wp-json\/wp\/v2\/media?parent=1026"}],"curies":[{"name":"wp","href":"https:\/\/api.w.org\/{rel}","templated":true}]}}